{"id":113,"date":"2025-11-08T18:18:04","date_gmt":"2025-11-08T18:18:04","guid":{"rendered":"http:\/\/ia-dirigeant.com\/?page_id=113"},"modified":"2025-12-11T14:15:35","modified_gmt":"2025-12-11T14:15:35","slug":"ia-les-questions-fondamentales-a-ne-pas-eluderen-cours-de-redaction","status":"publish","type":"page","link":"https:\/\/ia-dirigeant.com\/index.php\/ia-les-questions-fondamentales-a-ne-pas-eluderen-cours-de-redaction\/","title":{"rendered":"IA &#8211; Les questions fondamentales a ne pas \u00e9luder"},"content":{"rendered":"\n<p>L&#8217;IA et son impact sur le r\u00e9chauffement climatique<\/p>\n\n\n\n<p><a href=\"https:\/\/ia-dirigeant.com\/index.php\/lia-et-la-consommation-des-ressources-naturelles\/\">L&#8217;IA et la consommation des ressources naturelles<\/a><\/p>\n\n\n\n<p><a href=\"http:\/\/ia-dirigeant.com\/index.php\/limpact-de-lintelligence-artificielle-sur-lemploi-dans-les-economies-developpees-focus-sur-leuropeimpact-de-lia-sur-lemploi\/\">L&#8217;IA et son impact sur l&#8217;emploi<\/a><\/p>\n\n\n\n<p><a href=\"https:\/\/ia-dirigeant.com\/index.php\/lia-les-droits-de-lhomme-et-les-donnees-personnelles\/\">L&#8217;IA, les droits de l&#8217;homme et les donn\u00e9es personnelles<\/a><\/p>\n\n\n\n<p><a href=\"https:\/\/ia-dirigeant.com\/index.php\/lia-et-la-propriete-intellectuelle\/\" data-type=\"link\" data-id=\"https:\/\/ia-dirigeant.com\/index.php\/lia-et-la-propriete-intellectuelle\/\">L&#8217;IA et la propri\u00e9t\u00e9 intellectuelle<\/a><\/p>\n\n\n\n<p><a href=\"https:\/\/ia-dirigeant.com\/index.php\/lia-et-la-preservation-de-lhumanite-vers-la-super-intelligence\/\">L&#8217;IA et la pr\u00e9servation de l&#8217;humanit\u00e9 (vers la super intelligence)<\/a><\/p>\n\n\n\n<p><\/p>\n","protected":false},"excerpt":{"rendered":"<p>L&#8217;IA et son impact sur le r\u00e9chauffement climatique L&#8217;IA et la consommation des ressources naturelles L&#8217;IA et son impact sur l&#8217;emploi L&#8217;IA, les droits de l&#8217;homme et les donn\u00e9es personnelles L&#8217;IA et la propri\u00e9t\u00e9 intellectuelle L&#8217;IA et la pr\u00e9servation de &hellip; <a href=\"https:\/\/ia-dirigeant.com\/index.php\/ia-les-questions-fondamentales-a-ne-pas-eluderen-cours-de-redaction\/\">Continue reading <span class=\"meta-nav\">&rarr;<\/span><\/a><\/p>\n","protected":false},"author":1,"featured_media":0,"parent":0,"menu_order":0,"comment_status":"closed","ping_status":"closed","template":"","meta":{"footnotes":""},"class_list":["post-113","page","type-page","status-publish","hentry"],"_links":{"self":[{"href":"https:\/\/ia-dirigeant.com\/index.php\/wp-json\/wp\/v2\/pages\/113","targetHints":{"allow":["GET"]}}],"collection":[{"href":"https:\/\/ia-dirigeant.com\/index.php\/wp-json\/wp\/v2\/pages"}],"about":[{"href":"https:\/\/ia-dirigeant.com\/index.php\/wp-json\/wp\/v2\/types\/page"}],"author":[{"embeddable":true,"href":"https:\/\/ia-dirigeant.com\/index.php\/wp-json\/wp\/v2\/users\/1"}],"replies":[{"embeddable":true,"href":"https:\/\/ia-dirigeant.com\/index.php\/wp-json\/wp\/v2\/comments?post=113"}],"version-history":[{"count":7,"href":"https:\/\/ia-dirigeant.com\/index.php\/wp-json\/wp\/v2\/pages\/113\/revisions"}],"predecessor-version":[{"id":324,"href":"https:\/\/ia-dirigeant.com\/index.php\/wp-json\/wp\/v2\/pages\/113\/revisions\/324"}],"wp:attachment":[{"href":"https:\/\/ia-dirigeant.com\/index.php\/wp-json\/wp\/v2\/media?parent=113"}],"curies":[{"name":"wp","href":"https:\/\/api.w.org\/{rel}","templated":true}]}}