{"id":307,"date":"2025-12-09T20:32:26","date_gmt":"2025-12-09T20:32:26","guid":{"rendered":"https:\/\/ia-dirigeant.com\/?page_id=307"},"modified":"2025-12-09T20:32:26","modified_gmt":"2025-12-09T20:32:26","slug":"penser-lintelligence-artificielle-autrement","status":"publish","type":"page","link":"https:\/\/ia-dirigeant.com\/","title":{"rendered":"Penser l\u2019intelligence artificielle autrement"},"content":{"rendered":"\n<p>L\u2019intelligence artificielle s\u2019impose d\u00e9sormais dans tous les aspects de la vie \u00e9conomique et sociale. Pourtant, au-del\u00e0 de ses promesses d\u2019efficacit\u00e9 ou d\u2019innovation, elle soul\u00e8ve des questions plus profondes\u202f: comment repenser la d\u00e9cision, la responsabilit\u00e9, la confiance, \u00e0 l\u2019heure o\u00f9 les algorithmes participent \u2013 parfois discr\u00e8tement \u2013 \u00e0 la gouvernance des entreprises\u202f?<\/p>\n\n\n\n<p><strong>IA Dirigeant<\/strong>&nbsp;est n\u00e9 de cette conviction\u202f: avant d\u2019adopter des technologies, il faut d\u2019abord les&nbsp;<strong>comprendre<\/strong>, les&nbsp;<strong>questionner<\/strong>&nbsp;et apprendre \u00e0&nbsp;<strong>les mettre en \u0153uvre de fa\u00e7on responsable<\/strong>. Ce lieu n\u2019est pas un manuel technique ni un guide de performance, mais un espace de r\u00e9flexion o\u00f9 se croisent points de vue, retours d\u2019exp\u00e9rience et perspectives sur ce que signifie diriger \u00e0 l\u2019\u00e8re de l\u2019intelligence artificielle.<\/p>\n\n\n\n<p>Comprendre l\u2019IA, c\u2019est aussi interroger notre propre rapport au jugement, \u00e0 la connaissance et \u00e0 la valeur humaine. R\u00e9fl\u00e9chir \u00e0 son usage, c\u2019est envisager la place que nous voulons accorder \u00e0 la machine dans la prise de d\u00e9cision collective. Et la mettre en \u0153uvre de fa\u00e7on responsable, c\u2019est, au fond, se donner les moyens de&nbsp;<strong>rester ma\u00eetre de nos choix<\/strong>&nbsp;dans un monde de plus en plus assist\u00e9 par la donn\u00e9e et le calcul.<\/p>\n","protected":false},"excerpt":{"rendered":"<p>L\u2019intelligence artificielle s\u2019impose d\u00e9sormais dans tous les aspects de la vie \u00e9conomique et sociale. Pourtant, au-del\u00e0 de ses promesses d\u2019efficacit\u00e9 ou d\u2019innovation, elle soul\u00e8ve des questions plus profondes\u202f: comment repenser la d\u00e9cision, la responsabilit\u00e9, la confiance, \u00e0 l\u2019heure o\u00f9 les &hellip; <a href=\"https:\/\/ia-dirigeant.com\/\">Continue reading <span class=\"meta-nav\">&rarr;<\/span><\/a><\/p>\n","protected":false},"author":1,"featured_media":0,"parent":0,"menu_order":0,"comment_status":"closed","ping_status":"closed","template":"","meta":{"footnotes":""},"class_list":["post-307","page","type-page","status-publish","hentry"],"_links":{"self":[{"href":"https:\/\/ia-dirigeant.com\/index.php\/wp-json\/wp\/v2\/pages\/307","targetHints":{"allow":["GET"]}}],"collection":[{"href":"https:\/\/ia-dirigeant.com\/index.php\/wp-json\/wp\/v2\/pages"}],"about":[{"href":"https:\/\/ia-dirigeant.com\/index.php\/wp-json\/wp\/v2\/types\/page"}],"author":[{"embeddable":true,"href":"https:\/\/ia-dirigeant.com\/index.php\/wp-json\/wp\/v2\/users\/1"}],"replies":[{"embeddable":true,"href":"https:\/\/ia-dirigeant.com\/index.php\/wp-json\/wp\/v2\/comments?post=307"}],"version-history":[{"count":1,"href":"https:\/\/ia-dirigeant.com\/index.php\/wp-json\/wp\/v2\/pages\/307\/revisions"}],"predecessor-version":[{"id":308,"href":"https:\/\/ia-dirigeant.com\/index.php\/wp-json\/wp\/v2\/pages\/307\/revisions\/308"}],"wp:attachment":[{"href":"https:\/\/ia-dirigeant.com\/index.php\/wp-json\/wp\/v2\/media?parent=307"}],"curies":[{"name":"wp","href":"https:\/\/api.w.org\/{rel}","templated":true}]}}