{"id":401,"date":"2026-04-11T16:01:55","date_gmt":"2026-04-11T16:01:55","guid":{"rendered":"https:\/\/ia-dirigeant.com\/?page_id=401"},"modified":"2026-04-11T16:36:00","modified_gmt":"2026-04-11T16:36:00","slug":"notre-catalogue-de-formations-a-lia-pour-lentreprise","status":"publish","type":"page","link":"https:\/\/ia-dirigeant.com\/index.php\/notre-catalogue-de-formations-a-lia-pour-lentreprise\/","title":{"rendered":"Notre catalogue de formations \u00e0 l&#8217;IA pour l&#8217;entreprise"},"content":{"rendered":"\n<p><a href=\"https:\/\/ia-dirigeant.com\/index.php\/conference-enjeux-ia\/\">Conf\u00e9rence Enjeux IA<\/a><br>Une <strong>conf\u00e9rence de 1 \u00e0 2 heures<\/strong> con\u00e7ue pour donner \u00e0 vos \u00e9quipes une vision claire de l\u2019intelligence artificielle, des rep\u00e8res utiles pour en comprendre les usages et des exemples concrets pour en mesurer les impacts en entreprise.<\/p>\n\n\n\n<p><a href=\"https:\/\/ia-dirigeant.com\/index.php\/declic-ia\/\">D\u00e9clic IA<\/a><br>Un format <strong>intensif d\u2019une demi-journ\u00e9e<\/strong> pour d\u00e9couvrir les usages concrets de l\u2019IA en entreprise, apprendre \u00e0 formuler de meilleurs prompts et construire un premier assistant IA adapt\u00e9 \u00e0 vos besoins m\u00e9tier.<\/p>\n\n\n\n<p><a href=\"https:\/\/ia-dirigeant.com\/index.php\/impulsion-ia\/\">Impulsion IA<\/a><br>Cette formation <strong>intensive de 2 jours<\/strong> accompagne les entreprises dans l\u2019adoption concr\u00e8te de l\u2019intelligence artificielle. Un format court, op\u00e9rationnel et orient\u00e9 r\u00e9sultats pour transformer rapidement les apprentissages en actions.<\/p>\n\n\n\n<p><a href=\"https:\/\/ia-dirigeant.com\/index.php\/bootcamp-ia-immersif\/\">Bootcamp IA Immersif<\/a><br>Un parcours intensif pour faire de l\u2019IA un levier concret de performance pour <strong>vos \u00e9quipes<\/strong>. Pens\u00e9 pour les collaborateurs, ce programme de <strong>5 jours<\/strong> permet d\u2019acqu\u00e9rir une ma\u00eetrise solide des usages professionnels de l\u2019intelligence artificielle.<\/p>\n\n\n\n<p><a href=\"https:\/\/ia-dirigeant.com\/index.php\/immersion-ia-dirigeants\/\">Immersion IA Dirigeants<\/a><br>Pens\u00e9 pour les <strong>dirigeants<\/strong>, ce programme de <strong>5 jours<\/strong> permet d\u2019acqu\u00e9rir une vision claire des usages de l\u2019intelligence artificielle, d\u2019anticiper ses impacts sur les m\u00e9tiers et l\u2019organisation, de rep\u00e9rer les leviers de performance et de d\u00e9finir les premi\u00e8res orientations concr\u00e8tes \u00e0 mettre en \u0153uvre.<\/p>\n\n\n\n<p><\/p>\n\n\n\n<p><\/p>\n","protected":false},"excerpt":{"rendered":"<p>Conf\u00e9rence Enjeux IAUne conf\u00e9rence de 1 \u00e0 2 heures con\u00e7ue pour donner \u00e0 vos \u00e9quipes une vision claire de l\u2019intelligence artificielle, des rep\u00e8res utiles pour en comprendre les usages et des exemples concrets pour en mesurer les impacts en entreprise. &hellip; <a href=\"https:\/\/ia-dirigeant.com\/index.php\/notre-catalogue-de-formations-a-lia-pour-lentreprise\/\">Continue reading <span class=\"meta-nav\">&rarr;<\/span><\/a><\/p>\n","protected":false},"author":1,"featured_media":0,"parent":0,"menu_order":0,"comment_status":"closed","ping_status":"closed","template":"","meta":{"footnotes":""},"class_list":["post-401","page","type-page","status-publish","hentry"],"_links":{"self":[{"href":"https:\/\/ia-dirigeant.com\/index.php\/wp-json\/wp\/v2\/pages\/401","targetHints":{"allow":["GET"]}}],"collection":[{"href":"https:\/\/ia-dirigeant.com\/index.php\/wp-json\/wp\/v2\/pages"}],"about":[{"href":"https:\/\/ia-dirigeant.com\/index.php\/wp-json\/wp\/v2\/types\/page"}],"author":[{"embeddable":true,"href":"https:\/\/ia-dirigeant.com\/index.php\/wp-json\/wp\/v2\/users\/1"}],"replies":[{"embeddable":true,"href":"https:\/\/ia-dirigeant.com\/index.php\/wp-json\/wp\/v2\/comments?post=401"}],"version-history":[{"count":9,"href":"https:\/\/ia-dirigeant.com\/index.php\/wp-json\/wp\/v2\/pages\/401\/revisions"}],"predecessor-version":[{"id":422,"href":"https:\/\/ia-dirigeant.com\/index.php\/wp-json\/wp\/v2\/pages\/401\/revisions\/422"}],"wp:attachment":[{"href":"https:\/\/ia-dirigeant.com\/index.php\/wp-json\/wp\/v2\/media?parent=401"}],"curies":[{"name":"wp","href":"https:\/\/api.w.org\/{rel}","templated":true}]}}