{"id":403,"date":"2026-04-11T15:52:55","date_gmt":"2026-04-11T15:52:55","guid":{"rendered":"https:\/\/ia-dirigeant.com\/?page_id=403"},"modified":"2026-04-11T15:55:17","modified_gmt":"2026-04-11T15:55:17","slug":"impulsion-ia","status":"publish","type":"page","link":"https:\/\/ia-dirigeant.com\/index.php\/impulsion-ia\/","title":{"rendered":"Impulsion IA"},"content":{"rendered":"\n<p><strong>Formez vos \u00e9quipes \u00e0 l\u2019intelligence artificielle et initiez vos premiers projets IA en entreprise.<\/strong><br><br>Cette formation intensive de 2 jours accompagne les entreprises dans l\u2019adoption concr\u00e8te de l\u2019intelligence artificielle. Elle permet \u00e0 vos collaborateurs de comprendre les fondamentaux de l\u2019IA, d\u2019identifier les opportunit\u00e9s d\u2019usage dans leur activit\u00e9, de mieux organiser les donn\u00e9es n\u00e9cessaires, d\u2019automatiser certains workflows et de concevoir leurs premiers assistants ou agents IA. Un format court, op\u00e9rationnel et orient\u00e9 r\u00e9sultats pour transformer rapidement les apprentissages en actions.<\/p>\n\n\n\n<ul class=\"wp-block-list\">\n<li><strong>Mises en situation, ateliers avanc\u00e9s et applications concr\u00e8tes<\/strong><\/li>\n\n\n\n<li><strong>2 journ\u00e9es compl\u00e8tes<\/strong><\/li>\n\n\n\n<li><strong>Jusqu\u2019\u00e0 8 personnes<\/strong><\/li>\n\n\n\n<li><strong>4 500 \u20ac HT<\/strong><\/li>\n\n\n\n<li><strong>Attestation de r\u00e9alisation<\/strong><\/li>\n<\/ul>\n\n\n\n<p>Audience : Managers, Collaborateurs<\/p>\n","protected":false},"excerpt":{"rendered":"<p>Formez vos \u00e9quipes \u00e0 l\u2019intelligence artificielle et initiez vos premiers projets IA en entreprise. Cette formation intensive de 2 jours accompagne les entreprises dans l\u2019adoption concr\u00e8te de l\u2019intelligence artificielle. Elle permet \u00e0 vos collaborateurs de comprendre les fondamentaux de l\u2019IA, &hellip; <a href=\"https:\/\/ia-dirigeant.com\/index.php\/impulsion-ia\/\">Continue reading <span class=\"meta-nav\">&rarr;<\/span><\/a><\/p>\n","protected":false},"author":1,"featured_media":0,"parent":0,"menu_order":0,"comment_status":"closed","ping_status":"closed","template":"","meta":{"footnotes":""},"class_list":["post-403","page","type-page","status-publish","hentry"],"_links":{"self":[{"href":"https:\/\/ia-dirigeant.com\/index.php\/wp-json\/wp\/v2\/pages\/403","targetHints":{"allow":["GET"]}}],"collection":[{"href":"https:\/\/ia-dirigeant.com\/index.php\/wp-json\/wp\/v2\/pages"}],"about":[{"href":"https:\/\/ia-dirigeant.com\/index.php\/wp-json\/wp\/v2\/types\/page"}],"author":[{"embeddable":true,"href":"https:\/\/ia-dirigeant.com\/index.php\/wp-json\/wp\/v2\/users\/1"}],"replies":[{"embeddable":true,"href":"https:\/\/ia-dirigeant.com\/index.php\/wp-json\/wp\/v2\/comments?post=403"}],"version-history":[{"count":3,"href":"https:\/\/ia-dirigeant.com\/index.php\/wp-json\/wp\/v2\/pages\/403\/revisions"}],"predecessor-version":[{"id":406,"href":"https:\/\/ia-dirigeant.com\/index.php\/wp-json\/wp\/v2\/pages\/403\/revisions\/406"}],"wp:attachment":[{"href":"https:\/\/ia-dirigeant.com\/index.php\/wp-json\/wp\/v2\/media?parent=403"}],"curies":[{"name":"wp","href":"https:\/\/api.w.org\/{rel}","templated":true}]}}