{"id":407,"date":"2026-04-11T16:00:24","date_gmt":"2026-04-11T16:00:24","guid":{"rendered":"https:\/\/ia-dirigeant.com\/?page_id=407"},"modified":"2026-04-11T16:00:24","modified_gmt":"2026-04-11T16:00:24","slug":"declic-ia","status":"publish","type":"page","link":"https:\/\/ia-dirigeant.com\/index.php\/declic-ia\/","title":{"rendered":"D\u00e9clic IA"},"content":{"rendered":"\n<p><strong>Prenez en main les bases de l\u2019IA et passez \u00e0 la pratique<\/strong><br>Un format intensif d\u2019une demi-journ\u00e9e pour d\u00e9couvrir les usages concrets de l\u2019IA en entreprise, apprendre \u00e0 formuler de meilleurs prompts et construire un premier assistant IA adapt\u00e9 \u00e0 vos besoins m\u00e9tier.<\/p>\n\n\n\n<ul class=\"wp-block-list\">\n<li><strong>Session interactive en petit comit\u00e9<\/strong><\/li>\n\n\n\n<li><strong>Mises en pratique imm\u00e9diates<\/strong><\/li>\n\n\n\n<li><strong>Cr\u00e9ation d\u2019un assistant personnalis\u00e9<\/strong><\/li>\n\n\n\n<li><strong>\u00bd journ\u00e9e<\/strong><\/li>\n\n\n\n<li><strong>1 500 \u20ac HT<\/strong><\/li>\n\n\n\n<li><strong>Attestation de r\u00e9alisation<\/strong><\/li>\n<\/ul>\n\n\n\n<p>Audience: Managers, Collaborateurs<\/p>\n","protected":false},"excerpt":{"rendered":"<p>Prenez en main les bases de l\u2019IA et passez \u00e0 la pratiqueUn format intensif d\u2019une demi-journ\u00e9e pour d\u00e9couvrir les usages concrets de l\u2019IA en entreprise, apprendre \u00e0 formuler de meilleurs prompts et construire un premier assistant IA adapt\u00e9 \u00e0 vos &hellip; <a href=\"https:\/\/ia-dirigeant.com\/index.php\/declic-ia\/\">Continue reading <span class=\"meta-nav\">&rarr;<\/span><\/a><\/p>\n","protected":false},"author":1,"featured_media":0,"parent":0,"menu_order":0,"comment_status":"closed","ping_status":"closed","template":"","meta":{"footnotes":""},"class_list":["post-407","page","type-page","status-publish","hentry"],"_links":{"self":[{"href":"https:\/\/ia-dirigeant.com\/index.php\/wp-json\/wp\/v2\/pages\/407","targetHints":{"allow":["GET"]}}],"collection":[{"href":"https:\/\/ia-dirigeant.com\/index.php\/wp-json\/wp\/v2\/pages"}],"about":[{"href":"https:\/\/ia-dirigeant.com\/index.php\/wp-json\/wp\/v2\/types\/page"}],"author":[{"embeddable":true,"href":"https:\/\/ia-dirigeant.com\/index.php\/wp-json\/wp\/v2\/users\/1"}],"replies":[{"embeddable":true,"href":"https:\/\/ia-dirigeant.com\/index.php\/wp-json\/wp\/v2\/comments?post=407"}],"version-history":[{"count":1,"href":"https:\/\/ia-dirigeant.com\/index.php\/wp-json\/wp\/v2\/pages\/407\/revisions"}],"predecessor-version":[{"id":408,"href":"https:\/\/ia-dirigeant.com\/index.php\/wp-json\/wp\/v2\/pages\/407\/revisions\/408"}],"wp:attachment":[{"href":"https:\/\/ia-dirigeant.com\/index.php\/wp-json\/wp\/v2\/media?parent=407"}],"curies":[{"name":"wp","href":"https:\/\/api.w.org\/{rel}","templated":true}]}}