{"id":412,"date":"2026-04-11T16:10:01","date_gmt":"2026-04-11T16:10:01","guid":{"rendered":"https:\/\/ia-dirigeant.com\/?page_id=412"},"modified":"2026-04-11T16:10:01","modified_gmt":"2026-04-11T16:10:01","slug":"conference-enjeux-ia","status":"publish","type":"page","link":"https:\/\/ia-dirigeant.com\/index.php\/conference-enjeux-ia\/","title":{"rendered":"Conf\u00e9rence Enjeux IA"},"content":{"rendered":"\n<p>Une prise de parole de 1 \u00e0 2 heures pour offrir \u00e0 vos \u00e9quipes une lecture claire de l\u2019IA, de ses usages concrets et de ses cons\u00e9quences potentielles sur l\u2019organisation, les m\u00e9tiers et la performance de l\u2019entreprise.<\/p>\n\n\n\n<ul class=\"wp-block-list\">\n<li><strong>Intervention dynamique et p\u00e9dagogique<\/strong><\/li>\n\n\n\n<li><strong>Convient \u00e0 tous les publics internes<\/strong><\/li>\n\n\n\n<li><strong>2 heures<\/strong><\/li>\n\n\n\n<li><strong>2 500 \u20ac HT<\/strong><\/li>\n<\/ul>\n","protected":false},"excerpt":{"rendered":"<p>Une prise de parole de 1 \u00e0 2 heures pour offrir \u00e0 vos \u00e9quipes une lecture claire de l\u2019IA, de ses usages concrets et de ses cons\u00e9quences potentielles sur l\u2019organisation, les m\u00e9tiers et la performance de l\u2019entreprise.<\/p>\n","protected":false},"author":1,"featured_media":0,"parent":0,"menu_order":0,"comment_status":"closed","ping_status":"closed","template":"","meta":{"footnotes":""},"class_list":["post-412","page","type-page","status-publish","hentry"],"_links":{"self":[{"href":"https:\/\/ia-dirigeant.com\/index.php\/wp-json\/wp\/v2\/pages\/412","targetHints":{"allow":["GET"]}}],"collection":[{"href":"https:\/\/ia-dirigeant.com\/index.php\/wp-json\/wp\/v2\/pages"}],"about":[{"href":"https:\/\/ia-dirigeant.com\/index.php\/wp-json\/wp\/v2\/types\/page"}],"author":[{"embeddable":true,"href":"https:\/\/ia-dirigeant.com\/index.php\/wp-json\/wp\/v2\/users\/1"}],"replies":[{"embeddable":true,"href":"https:\/\/ia-dirigeant.com\/index.php\/wp-json\/wp\/v2\/comments?post=412"}],"version-history":[{"count":1,"href":"https:\/\/ia-dirigeant.com\/index.php\/wp-json\/wp\/v2\/pages\/412\/revisions"}],"predecessor-version":[{"id":413,"href":"https:\/\/ia-dirigeant.com\/index.php\/wp-json\/wp\/v2\/pages\/412\/revisions\/413"}],"wp:attachment":[{"href":"https:\/\/ia-dirigeant.com\/index.php\/wp-json\/wp\/v2\/media?parent=412"}],"curies":[{"name":"wp","href":"https:\/\/api.w.org\/{rel}","templated":true}]}}