{"id":415,"date":"2026-04-11T16:28:38","date_gmt":"2026-04-11T16:28:38","guid":{"rendered":"https:\/\/ia-dirigeant.com\/?page_id=415"},"modified":"2026-04-11T16:28:38","modified_gmt":"2026-04-11T16:28:38","slug":"bootcamp-ia-immersif","status":"publish","type":"page","link":"https:\/\/ia-dirigeant.com\/index.php\/bootcamp-ia-immersif\/","title":{"rendered":"Bootcamp IA Immersif"},"content":{"rendered":"\n<p><strong>Un parcours intensif pour faire de l\u2019IA un levier concret de performance pour vos \u00e9quipes.<\/strong><br>Pens\u00e9 pour les collaborateurs, ce programme de 5 jours permet d\u2019acqu\u00e9rir une ma\u00eetrise solide des usages professionnels de l\u2019intelligence artificielle. Il combine mont\u00e9e en comp\u00e9tence, mise en pratique, automatisation de t\u00e2ches, am\u00e9lioration de la production quotidienne et cr\u00e9ation de premiers assistants IA adapt\u00e9s aux enjeux m\u00e9tiers. Un format immersif pour transformer rapidement la d\u00e9couverte de l\u2019IA en b\u00e9n\u00e9fices op\u00e9rationnels mesurables.<\/p>\n\n\n\n<ul class=\"wp-block-list\">\n<li>Formation immersive et structurante<\/li>\n\n\n\n<li>Public : collaborateurs, \u00e9quipes m\u00e9tiers et fonctions support<\/li>\n\n\n\n<li>Approche concr\u00e8te, progressive et orient\u00e9e usage<\/li>\n\n\n\n<li>Ateliers avanc\u00e9s et applications m\u00e9tier<\/li>\n\n\n\n<li>5 journ\u00e9es compl\u00e8tes<\/li>\n\n\n\n<li>Jusqu\u2019\u00e0 8 participants<\/li>\n\n\n\n<li>11 500 \u20ac HT<\/li>\n\n\n\n<li>Attestation de r\u00e9alisation<\/li>\n<\/ul>\n\n\n\n<p>Audience: Manageurs et Collaborateurs<\/p>\n","protected":false},"excerpt":{"rendered":"<p>Un parcours intensif pour faire de l\u2019IA un levier concret de performance pour vos \u00e9quipes.Pens\u00e9 pour les collaborateurs, ce programme de 5 jours permet d\u2019acqu\u00e9rir une ma\u00eetrise solide des usages professionnels de l\u2019intelligence artificielle. Il combine mont\u00e9e en comp\u00e9tence, mise &hellip; <a href=\"https:\/\/ia-dirigeant.com\/index.php\/bootcamp-ia-immersif\/\">Continue reading <span class=\"meta-nav\">&rarr;<\/span><\/a><\/p>\n","protected":false},"author":1,"featured_media":0,"parent":0,"menu_order":0,"comment_status":"closed","ping_status":"closed","template":"","meta":{"footnotes":""},"class_list":["post-415","page","type-page","status-publish","hentry"],"_links":{"self":[{"href":"https:\/\/ia-dirigeant.com\/index.php\/wp-json\/wp\/v2\/pages\/415","targetHints":{"allow":["GET"]}}],"collection":[{"href":"https:\/\/ia-dirigeant.com\/index.php\/wp-json\/wp\/v2\/pages"}],"about":[{"href":"https:\/\/ia-dirigeant.com\/index.php\/wp-json\/wp\/v2\/types\/page"}],"author":[{"embeddable":true,"href":"https:\/\/ia-dirigeant.com\/index.php\/wp-json\/wp\/v2\/users\/1"}],"replies":[{"embeddable":true,"href":"https:\/\/ia-dirigeant.com\/index.php\/wp-json\/wp\/v2\/comments?post=415"}],"version-history":[{"count":1,"href":"https:\/\/ia-dirigeant.com\/index.php\/wp-json\/wp\/v2\/pages\/415\/revisions"}],"predecessor-version":[{"id":416,"href":"https:\/\/ia-dirigeant.com\/index.php\/wp-json\/wp\/v2\/pages\/415\/revisions\/416"}],"wp:attachment":[{"href":"https:\/\/ia-dirigeant.com\/index.php\/wp-json\/wp\/v2\/media?parent=415"}],"curies":[{"name":"wp","href":"https:\/\/api.w.org\/{rel}","templated":true}]}}