{"id":419,"date":"2026-04-11T16:33:35","date_gmt":"2026-04-11T16:33:35","guid":{"rendered":"https:\/\/ia-dirigeant.com\/?page_id=419"},"modified":"2026-04-11T16:33:35","modified_gmt":"2026-04-11T16:33:35","slug":"immersion-ia-dirigeants","status":"publish","type":"page","link":"https:\/\/ia-dirigeant.com\/index.php\/immersion-ia-dirigeants\/","title":{"rendered":"Immersion IA Dirigeants"},"content":{"rendered":"\n<p><strong>Un parcours strat\u00e9gique pour aider les d\u00e9cideurs \u00e0 comprendre, cadrer et impulser la transformation IA de leur entreprise.<\/strong><br><br>Pens\u00e9 pour les dirigeants, ce programme de 5 jours permet d\u2019acqu\u00e9rir une vision claire des usages de l\u2019intelligence artificielle, d\u2019anticiper ses impacts sur les m\u00e9tiers et l\u2019organisation, de rep\u00e9rer les leviers de performance et de d\u00e9finir les premi\u00e8res orientations concr\u00e8tes \u00e0 mettre en \u0153uvre. Un format immersif pour passer d\u2019une compr\u00e9hension g\u00e9n\u00e9rale de l\u2019IA \u00e0 une capacit\u00e9 r\u00e9elle de pilotage, d\u2019arbitrage et de d\u00e9cision.<\/p>\n\n\n\n<ul class=\"wp-block-list\">\n<li>Parcours strat\u00e9gique et immersif<\/li>\n\n\n\n<li>Public : dirigeants, codir, managers de haut niveau<\/li>\n\n\n\n<li>Ateliers, \u00e9changes, cas concrets et r\u00e9flexion appliqu\u00e9e<\/li>\n\n\n\n<li>Structuration des premiers axes de transformation<\/li>\n\n\n\n<li>5 journ\u00e9es compl\u00e8tes<\/li>\n\n\n\n<li>Jusqu\u2019\u00e0 8 participants<\/li>\n\n\n\n<li>11 500 \u20ac HT<\/li>\n\n\n\n<li>Attestation de r\u00e9alisation<\/li>\n<\/ul>\n","protected":false},"excerpt":{"rendered":"<p>Un parcours strat\u00e9gique pour aider les d\u00e9cideurs \u00e0 comprendre, cadrer et impulser la transformation IA de leur entreprise. Pens\u00e9 pour les dirigeants, ce programme de 5 jours permet d\u2019acqu\u00e9rir une vision claire des usages de l\u2019intelligence artificielle, d\u2019anticiper ses impacts &hellip; <a href=\"https:\/\/ia-dirigeant.com\/index.php\/immersion-ia-dirigeants\/\">Continue reading <span class=\"meta-nav\">&rarr;<\/span><\/a><\/p>\n","protected":false},"author":1,"featured_media":0,"parent":0,"menu_order":0,"comment_status":"closed","ping_status":"closed","template":"","meta":{"footnotes":""},"class_list":["post-419","page","type-page","status-publish","hentry"],"_links":{"self":[{"href":"https:\/\/ia-dirigeant.com\/index.php\/wp-json\/wp\/v2\/pages\/419","targetHints":{"allow":["GET"]}}],"collection":[{"href":"https:\/\/ia-dirigeant.com\/index.php\/wp-json\/wp\/v2\/pages"}],"about":[{"href":"https:\/\/ia-dirigeant.com\/index.php\/wp-json\/wp\/v2\/types\/page"}],"author":[{"embeddable":true,"href":"https:\/\/ia-dirigeant.com\/index.php\/wp-json\/wp\/v2\/users\/1"}],"replies":[{"embeddable":true,"href":"https:\/\/ia-dirigeant.com\/index.php\/wp-json\/wp\/v2\/comments?post=419"}],"version-history":[{"count":1,"href":"https:\/\/ia-dirigeant.com\/index.php\/wp-json\/wp\/v2\/pages\/419\/revisions"}],"predecessor-version":[{"id":420,"href":"https:\/\/ia-dirigeant.com\/index.php\/wp-json\/wp\/v2\/pages\/419\/revisions\/420"}],"wp:attachment":[{"href":"https:\/\/ia-dirigeant.com\/index.php\/wp-json\/wp\/v2\/media?parent=419"}],"curies":[{"name":"wp","href":"https:\/\/api.w.org\/{rel}","templated":true}]}}